{"id":15,"date":"2023-04-14T19:08:24","date_gmt":"2023-04-14T17:08:24","guid":{"rendered":"https:\/\/locationvillasantagiulia.com\/?page_id=15"},"modified":"2023-04-14T19:49:24","modified_gmt":"2023-04-14T17:49:24","slug":"15-2","status":"publish","type":"page","link":"https:\/\/locationvillasantagiulia.com\/index.php\/15-2\/","title":{"rendered":""},"content":{"rendered":"\n<p>Pour des vacacnces en Corse du sud r\u00e9ussies<\/p>\n\n\n\n<h1 class=\"wp-block-heading\">TERMES ET CONDITIONS DE LOCATION DE LA VILLA MARE E MONTI<\/h1>\n\n\n\n<p><\/p>\n\n\n\n<figure class=\"wp-block-table\"><table><tbody><tr><td>&nbsp;&nbsp;&nbsp;&nbsp;&nbsp;&nbsp;&nbsp; &nbsp;&nbsp;&nbsp;&nbsp;&nbsp;&nbsp;&nbsp;&nbsp;&nbsp;&nbsp;&nbsp;&nbsp;&nbsp;&nbsp;&nbsp;&nbsp; &nbsp;              Villa Mare e Monti<br>                        Route de Santa Giulia 20137 Porto Vecchio &nbsp; &nbsp;&nbsp;&nbsp;&nbsp;&nbsp;&nbsp;&nbsp;&nbsp;&nbsp;&nbsp;&nbsp;&nbsp;&nbsp;&nbsp;&nbsp;&nbsp;&nbsp;&nbsp;&nbsp;&nbsp;&nbsp;&nbsp;&nbsp;&nbsp;&nbsp;&nbsp;&nbsp;&nbsp;&nbsp;&nbsp; &nbsp;&nbsp;&nbsp;&nbsp;&nbsp;&nbsp;&nbsp;&nbsp;&nbsp;&nbsp;&nbsp;&nbsp;&nbsp;&nbsp; &nbsp;&nbsp;&nbsp;&nbsp;&nbsp;&nbsp;&nbsp;<\/td><\/tr><\/tbody><\/table><\/figure>\n\n\n\n<p><strong>CONDITIONS GENERALES<\/strong><\/p>\n\n\n\n<p>La pr\u00e9sente location est faite aux conditions ordinaires et de droit en pareille mati\u00e8re et notamment \u00e0 celles ci-apr\u00e8s que le preneur s\u2019oblige \u00e0 ex\u00e9cuter, sous peine de tous dommages et int\u00e9r\u00eats et m\u00eame de r\u00e9siliations des pr\u00e9sentes, si bon semble au mandataire et sans pouvoir r\u00e9clamer la diminution du loyer.<\/p>\n\n\n\n<p>REMBOURSEMENT INTEGRAL EN CAS D\u2019IMPOSSIBILITE DE SE RENDRE \u00e0 LA VILLA en raison de situation sanitaire li\u00e9e \u00e0 la pand\u00e9mie.<\/p>\n\n\n\n<p>a) Les heures d\u2019arriv\u00e9e sont pr\u00e9vues entre 17h et 20h. Les heures de d\u00e9part sont normalement pr\u00e9vues le&nbsp;matin de 8h \u00e0 10h.<\/p>\n\n\n\n<p>b) Versement du solde de la location:<\/p>\n\n\n\n<p>Le solde de la location devra \u00eatre vers\u00e9 au plus tard un mois avant le d\u00e9but de la location<\/p>\n\n\n\n<p>c)D\u00e9sistement du locataire&nbsp;: En cas de d\u00e9sistement le locataire perdrait l\u2019int\u00e9gralit\u00e9 des sommes vers\u00e9es.<\/p>\n\n\n\n<p>d) Si un retard de plus de quatre jours par rapport \u00e0 la date d\u2019arriv\u00e9e pr\u00e9vue n\u2019a pas \u00e9t\u00e9 signal\u00e9 par le preneur, le bailleur pourra de plein droit, essayer de relouer le logement sans avoir \u00e0 informer le preneur. Les sommes vers\u00e9es seraient alors conserv\u00e9es par le bailleur.<\/p>\n\n\n\n<p><strong>IMPORTANT!! Le(s) titulaire(s) du contrat devra \u00eatre pr\u00e9sent le jour de la remise des cl\u00e9s<\/strong>, il est le&nbsp;<strong>seul<\/strong>&nbsp;\u00e0 pouvoir recevoir les cl\u00e9s<strong>. Aucune remise des cl\u00e9s<\/strong><strong>&nbsp;ne sera effectu\u00e9e sans sa pr\u00e9sence<\/strong>. Faute de pouvoir rencontrer le titulaire du contrat, le contrat ne pourra \u00eatre appliqu\u00e9 et donc annul\u00e9 et ne donnera droit \u00e0 aucun remboursement. Ce contrat de location est nominatif et aucune autre personne ne peut se substituer au titulaire.<\/p>\n\n\n\n<p>e) Obligation d\u2019occuper les lieux personnellement, de les habiter \u201c&nbsp;en bon p\u00e8re de famille&nbsp;\u201d et de les entretenir. Toutes les installations sont en \u00e9tat de marche et toute r\u00e9clamation les concernant survenant plus de 24 h apr\u00e8s l\u2019entr\u00e9e en jouissance des lieux, ne pourra \u00eatre admise. Les r\u00e9parations, rendues n\u00e9cessaires par la n\u00e9gligence ou le mauvais entretien en cours de location, seront \u00e0 la charge du preneur. Obligation de veiller \u00e0 ce que la tranquillit\u00e9 du voisinage ne soit pas troubl\u00e9e par le fait du preneur, de sa famille ou de ses invit\u00e9s.<\/p>\n\n\n\n<p>f) Les locaux sont lou\u00e9s meubl\u00e9s avec mat\u00e9riel de cuisine, vaisselle, verrerie, couvertures et oreillers, tels qu\u2019ils sont dans l\u2019\u00e9tat descriptif qui sera \u00e9tabli le jour de la remise des cl\u00e9s. S\u2019il y a lieu, le propri\u00e9taire sera en droit de r\u00e9clamer la valeur totale au prix de remplacement des objets, mobiliers ou mat\u00e9riels cass\u00e9s, f\u00eal\u00e9s, \u00e9br\u00e9ch\u00e9s ou d\u00e9t\u00e9rior\u00e9s et ceux dont l\u2019usure d\u00e9passerait la normale pour la dur\u00e9e de la location, le prix de nettoyage des couvertures rendues sales, une indemnit\u00e9 pour les d\u00e9t\u00e9riorations de toute nature concernant les rideaux, rev\u00eatements muraux, plafonds, tapis, moquette, vitres, literie, etc. de l\u2019appareil.<\/p>\n\n\n\n<p>En cas de panne de l\u2019\u00e9lectrom\u00e9nager, un devis de r\u00e9paration identifiant la panne sera effectu\u00e9 par un professionnel. Si la panne est due \u00e0 une usure normale, le(s) locataire(s) ne sera pas tenu pour responsable(s). Si la panne est du fait d\u2019une mauvaise utilisation de l\u2019appareil, le(s) locataire(s) assumera le co\u00fbt de la r\u00e9paration. Dans l\u2019attente du devis la caution serait alors consign\u00e9e.<\/p>\n\n\n\n<p>g) Le preneur s\u2019engage \u00e0 s\u2019assurer contre les risques locatifs (incendie, d\u00e9g\u00e2t des eaux) et \u00e0 produire au propri\u00e9taire une attestation de son assurance (extension vill\u00e9giature de sa responsabilit\u00e9 civile domicile).<\/p>\n\n\n\n<p>Le locataire a l\u2019obligation de signaler, dans les 24 h au propri\u00e9taire, tout sinistre survenu dans le logement, ses d\u00e9pendances ou accessoires.<\/p>\n\n\n\n<p>h) Le d\u00e9p\u00f4t de garantie s\u2019\u00e9l\u00e8ve \u00e0&nbsp;<strong>3000,00 euros<\/strong>&nbsp;.Il sera effectu\u00e9 par une&nbsp;<strong>autorisation sur carte bancaire sans d\u00e9bit<\/strong>&nbsp;ou en esp\u00e8ces . les cheques ne sont pas accept\u00e9s .Le locataire fournira les informations sur sa carte bancaire au propri\u00e9taire avant son arriv\u00e9e<\/p>\n\n\n\n<p>i) Le preneur ne pourra s\u2019opposer \u00e0 la visite des locaux, lorsque le propri\u00e9taire ou son repr\u00e9sentant en feront la demande.<\/p>\n\n\n\n<p>j) En cas de non lib\u00e9ration des lieux en fin de location par le(s) locataire(s), il sera d\u00fb des dommages et int\u00e9r\u00eats compensant la perte de jouissance par la propri\u00e9taire et couvrant tous les frais occasionn\u00e9s au propri\u00e9taire. Chaque journ\u00e9e suppl\u00e9mentaire \u00e9tant due index\u00e9e au montant de la location.<\/p>\n\n\n\n<p>k) Le preneur doit fournir au propri\u00e9taire&nbsp;:<\/p>\n\n\n\n<p>\u2013 Une attestation d\u2019assurance Multirisque habitation extension vill\u00e9giature couvrant la dur\u00e9e de la location et \u00e9tablie par sa compagnie d\u2019assurance en pr\u00e9cisant l\u2019adresse de la location.<\/p>\n\n\n\n<p>m) Cette location s\u2019entend pour&nbsp;<strong>Dix personnes au maximum<\/strong>. Toutefois, si le nombre de personnes occupant le logement s\u2019av\u00e9rait \u00eatre sup\u00e9rieure, une p\u00e9nalit\u00e9 d\u2019un huiti\u00e8me du prix de la location par personne suppl\u00e9mentaire serait retenue sur la caution.<\/p>\n\n\n\n<p>Linge de maison est fourni .<\/p>\n\n\n\n<p>Le m\u00e9nage de fin de s\u00e9jour est compris ,\u00e0, condition que la villa soit restitu\u00e9e dans un \u00e9tat d&rsquo;usage normal,vaisselle effectu\u00e9e et rang\u00e9e ,poubelles vid\u00e9es ,et \u00e9tat acceptable de salissure .En cas d&rsquo;\u00e9tat de salissure avanc\u00e9 une retenue sera effectu\u00e9 sur la caution au prorata des heures de m\u00e9nage effectu\u00e9es. <\/p>\n\n\n\n<p><\/p>\n\n\n\n<p>En \u00e9ditant le pr\u00e9sent contrat ,le locataire reconnait avoir pris connaissance des conditions g\u00e9n\u00e9rales et les accepter.<\/p>\n\n\n\n<p><\/p>\n\n\n\n<p><\/p>\n\n\n\n<p><\/p>\n\n\n\n<p>                   <a href=\"https:\/\/locationvillasantagiulia.com\/index.php\/formulaire-de-reservation\/\">       confirmer lecture et RETOUR RESERVATION<\/a><\/p>\n","protected":false},"excerpt":{"rendered":"<p>Pour des vacacnces en Corse du sud r\u00e9ussies TERMES ET CONDITIONS DE LOCATION DE LA VILLA MARE E MONTI &nbsp;&nbsp;&nbsp;&nbsp;&nbsp;&nbsp;&nbsp; &nbsp;&nbsp;&nbsp;&nbsp;&nbsp;&nbsp;&nbsp;&nbsp;&nbsp;&nbsp;&nbsp;&nbsp;&nbsp;&nbsp;&nbsp;&nbsp; &nbsp; Villa Mare e Monti Route de Santa Giulia 20137 Porto Vecchio &nbsp; &nbsp;&nbsp;&nbsp;&nbsp;&nbsp;&nbsp;&nbsp;&nbsp;&nbsp;&nbsp;&nbsp;&nbsp;&nbsp;&nbsp;&nbsp;&nbsp;&nbsp;&nbsp;&nbsp;&nbsp;&nbsp;&nbsp;&nbsp;&nbsp;&nbsp;&nbsp;&nbsp;&nbsp;&nbsp;&nbsp; &nbsp;&nbsp;&nbsp;&nbsp;&nbsp;&nbsp;&nbsp;&nbsp;&nbsp;&nbsp;&nbsp;&nbsp;&nbsp;&nbsp; &nbsp;&nbsp;&nbsp;&nbsp;&nbsp;&nbsp;&nbsp; CONDITIONS GENERALES La pr\u00e9sente location est faite aux conditions ordinaires et de droit en pareille mati\u00e8re et notamment &hellip; <\/p>\n<p class=\"link-more\"><a href=\"https:\/\/locationvillasantagiulia.com\/index.php\/15-2\/\" class=\"more-link\">Continuer la lecture<span class=\"screen-reader-text\"> de &laquo;&nbsp;&nbsp;&raquo;<\/span><\/a><\/p>\n","protected":false},"author":1,"featured_media":0,"parent":0,"menu_order":0,"comment_status":"closed","ping_status":"closed","template":"","meta":[],"_links":{"self":[{"href":"https:\/\/locationvillasantagiulia.com\/index.php\/wp-json\/wp\/v2\/pages\/15"}],"collection":[{"href":"https:\/\/locationvillasantagiulia.com\/index.php\/wp-json\/wp\/v2\/pages"}],"about":[{"href":"https:\/\/locationvillasantagiulia.com\/index.php\/wp-json\/wp\/v2\/types\/page"}],"author":[{"embeddable":true,"href":"https:\/\/locationvillasantagiulia.com\/index.php\/wp-json\/wp\/v2\/users\/1"}],"replies":[{"embeddable":true,"href":"https:\/\/locationvillasantagiulia.com\/index.php\/wp-json\/wp\/v2\/comments?post=15"}],"version-history":[{"count":5,"href":"https:\/\/locationvillasantagiulia.com\/index.php\/wp-json\/wp\/v2\/pages\/15\/revisions"}],"predecessor-version":[{"id":24,"href":"https:\/\/locationvillasantagiulia.com\/index.php\/wp-json\/wp\/v2\/pages\/15\/revisions\/24"}],"wp:attachment":[{"href":"https:\/\/locationvillasantagiulia.com\/index.php\/wp-json\/wp\/v2\/media?parent=15"}],"curies":[{"name":"wp","href":"https:\/\/api.w.org\/{rel}","templated":true}]}}